{"id":1943,"date":"2025-07-23T14:55:24","date_gmt":"2025-07-23T18:55:24","guid":{"rendered":"https:\/\/picotti.ca\/coming-soon\/"},"modified":"2025-08-15T09:09:12","modified_gmt":"2025-08-15T13:09:12","slug":"coming-soon","status":"publish","type":"page","link":"https:\/\/picotti.ca\/en\/coming-soon\/","title":{"rendered":"Coming Soon"},"content":{"rendered":"<div class=\"fusion-fullwidth fullwidth-box fusion-builder-row-1 fusion-flex-container has-pattern-background has-mask-background hundred-percent-fullwidth non-hundred-percent-height-scrolling\" style=\"--link_hover_color: var(--awb-color3);--link_color: var(--awb-color3);--awb-border-radius-top-left:0px;--awb-border-radius-top-right:0px;--awb-border-radius-bottom-right:0px;--awb-border-radius-bottom-left:0px;--awb-padding-right:0px;--awb-padding-left:0px;--awb-min-height:100vh;--awb-flex-wrap:wrap;\" id=\"a-propos\" ><div class=\"fusion-builder-row fusion-row fusion-flex-align-items-flex-start fusion-flex-content-wrap\" style=\"width:104% !important;max-width:104% !important;margin-left: calc(-4% \/ 2 );margin-right: calc(-4% \/ 2 );\"><div class=\"fusion-layout-column fusion_builder_column fusion-builder-column-0 fusion_builder_column_1_2 1_2 fusion-flex-column fusion-flex-align-self-stretch col-fluid-img-cs\" style=\"--awb-padding-top-medium:33px;--awb-bg-position:center center;--awb-bg-position-medium:center bottom;--awb-bg-size:cover;--awb-width-large:50%;--awb-flex-grow:1;--awb-margin-top-large:0px;--awb-spacing-right-large:0px;--awb-margin-bottom-large:0px;--awb-spacing-left-large:0px;--awb-width-medium:100%;--awb-order-medium:0;--awb-spacing-right-medium:0px;--awb-spacing-left-medium:0px;--awb-width-small:100%;--awb-order-small:0;--awb-spacing-right-small:1.92%;--awb-spacing-left-small:1.92%;\" data-scroll-devices=\"small-visibility,medium-visibility,large-visibility\"><div class=\"awb-column__background-slider\" ><div class=\"awb-background-slider\" data-type=\"column\" data-loop=\"yes\" data-animation=\"fade\" data-slideshow-speed=\"5000\" data-animation-speed=\"800\" data-direction=\"up\" style=\"--awb-image-position:50% 50%;\"><div class=\"swiper-wrapper\"><div class=\"swiper-slide\"><img decoding=\"async\" width=\"752\" height=\"842\" src=\"https:\/\/picotti.ca\/wp-content\/uploads\/2025\/07\/pizza-four-a-bois-2-1.jpg\" class=\"awb-background-slider__image\" alt=\"Une pizza Margherita cuite au feu de bois, garnie de sauce tomate, de mozzarella fondante et de feuilles de basilic frais, avec une cro\u00fbte dor\u00e9e et l\u00e9g\u00e8rement br\u00fbl\u00e9e, devant un four \u00e0 bois enflamm\u00e9.\" srcset=\"https:\/\/picotti.ca\/wp-content\/uploads\/2025\/07\/pizza-four-a-bois-2-1-200x224.jpg 200w, https:\/\/picotti.ca\/wp-content\/uploads\/2025\/07\/pizza-four-a-bois-2-1-268x300.jpg 268w, https:\/\/picotti.ca\/wp-content\/uploads\/2025\/07\/pizza-four-a-bois-2-1-400x448.jpg 400w, https:\/\/picotti.ca\/wp-content\/uploads\/2025\/07\/pizza-four-a-bois-2-1-600x672.jpg 600w, https:\/\/picotti.ca\/wp-content\/uploads\/2025\/07\/pizza-four-a-bois-2-1.jpg 752w\" sizes=\"(max-width: 752px) 100vw, 752px\" \/><\/div><div class=\"swiper-slide\"><img decoding=\"async\" width=\"1280\" height=\"1440\" src=\"https:\/\/picotti.ca\/wp-content\/uploads\/2025\/07\/99898391-scaled-1.jpg\" class=\"awb-background-slider__image\" alt=\"Un bol de poke compos\u00e9 de tranches de saumon frais joliment dispos\u00e9es et garnies de graines de s\u00e9same noir, de thon en d\u00e9s, de tranches de concombre, de riz blanc, de riz brun avec des graines de s\u00e9same et de verdures fra\u00eeches, le tout pr\u00e9sent\u00e9 sur une surface fonc\u00e9e.\" srcset=\"https:\/\/picotti.ca\/wp-content\/uploads\/2025\/07\/99898391-scaled-1-200x225.jpg 200w, https:\/\/picotti.ca\/wp-content\/uploads\/2025\/07\/99898391-scaled-1-267x300.jpg 267w, https:\/\/picotti.ca\/wp-content\/uploads\/2025\/07\/99898391-scaled-1-400x450.jpg 400w, https:\/\/picotti.ca\/wp-content\/uploads\/2025\/07\/99898391-scaled-1-600x675.jpg 600w, https:\/\/picotti.ca\/wp-content\/uploads\/2025\/07\/99898391-scaled-1-768x864.jpg 768w, https:\/\/picotti.ca\/wp-content\/uploads\/2025\/07\/99898391-scaled-1-800x900.jpg 800w, https:\/\/picotti.ca\/wp-content\/uploads\/2025\/07\/99898391-scaled-1-910x1024.jpg 910w, https:\/\/picotti.ca\/wp-content\/uploads\/2025\/07\/99898391-scaled-1-1200x1350.jpg 1200w, https:\/\/picotti.ca\/wp-content\/uploads\/2025\/07\/99898391-scaled-1.jpg 1280w\" sizes=\"(max-width: 1280px) 100vw, 1280px\" \/><\/div><div class=\"swiper-slide\"><img decoding=\"async\" width=\"1125\" height=\"1334\" src=\"https:\/\/picotti.ca\/wp-content\/uploads\/2025\/07\/side-close-up-view-chicken-spices-bowls-three-types-sauces-chicken-wings-leg-with-french-fries-ketchup-cutting-board-dark-background-2-1-1-1.jpg\" class=\"awb-background-slider__image\" alt=\"Vue rapproch\u00e9e lat\u00e9rale de poulet, \u00e9pices, bols, trois types de sauces, ailes et pilon de poulet avec frites, ketchup, sur une planche \u00e0 d\u00e9couper, avec un fond sombre.\" srcset=\"https:\/\/picotti.ca\/wp-content\/uploads\/2025\/07\/side-close-up-view-chicken-spices-bowls-three-types-sauces-chicken-wings-leg-with-french-fries-ketchup-cutting-board-dark-background-2-1-1-1-200x237.jpg 200w, https:\/\/picotti.ca\/wp-content\/uploads\/2025\/07\/side-close-up-view-chicken-spices-bowls-three-types-sauces-chicken-wings-leg-with-french-fries-ketchup-cutting-board-dark-background-2-1-1-1-253x300.jpg 253w, https:\/\/picotti.ca\/wp-content\/uploads\/2025\/07\/side-close-up-view-chicken-spices-bowls-three-types-sauces-chicken-wings-leg-with-french-fries-ketchup-cutting-board-dark-background-2-1-1-1-400x474.jpg 400w, https:\/\/picotti.ca\/wp-content\/uploads\/2025\/07\/side-close-up-view-chicken-spices-bowls-three-types-sauces-chicken-wings-leg-with-french-fries-ketchup-cutting-board-dark-background-2-1-1-1-600x711.jpg 600w, https:\/\/picotti.ca\/wp-content\/uploads\/2025\/07\/side-close-up-view-chicken-spices-bowls-three-types-sauces-chicken-wings-leg-with-french-fries-ketchup-cutting-board-dark-background-2-1-1-1-768x911.jpg 768w, https:\/\/picotti.ca\/wp-content\/uploads\/2025\/07\/side-close-up-view-chicken-spices-bowls-three-types-sauces-chicken-wings-leg-with-french-fries-ketchup-cutting-board-dark-background-2-1-1-1-800x949.jpg 800w, https:\/\/picotti.ca\/wp-content\/uploads\/2025\/07\/side-close-up-view-chicken-spices-bowls-three-types-sauces-chicken-wings-leg-with-french-fries-ketchup-cutting-board-dark-background-2-1-1-1-864x1024.jpg 864w, https:\/\/picotti.ca\/wp-content\/uploads\/2025\/07\/side-close-up-view-chicken-spices-bowls-three-types-sauces-chicken-wings-leg-with-french-fries-ketchup-cutting-board-dark-background-2-1-1-1.jpg 1125w\" sizes=\"(max-width: 1125px) 100vw, 1125px\" \/><\/div><\/div><\/div><\/div><div class=\"fusion-column-wrapper fusion-column-has-shadow fusion-flex-justify-content-flex-start fusion-content-layout-column\"><div class=\"awb-column__content\"><\/div><\/div><\/div><div class=\"fusion-layout-column fusion_builder_column fusion-builder-column-1 fusion_builder_column_1_2 1_2 fusion-flex-column fusion-flex-align-self-stretch\" style=\"--awb-padding-top:60px;--awb-padding-right:80px;--awb-padding-bottom:60px;--awb-padding-left:80px;--awb-padding-top-small:50px;--awb-padding-right-small:20px;--awb-padding-bottom-small:50px;--awb-padding-left-small:20px;--awb-bg-color:var(--awb-color5);--awb-bg-color-hover:var(--awb-color5);--awb-bg-size:cover;--awb-width-large:50%;--awb-margin-top-large:0px;--awb-spacing-right-large:0px;--awb-margin-bottom-large:0px;--awb-spacing-left-large:0px;--awb-width-medium:100%;--awb-order-medium:0;--awb-spacing-right-medium:0px;--awb-spacing-left-medium:0px;--awb-width-small:100%;--awb-order-small:0;--awb-spacing-right-small:1.92%;--awb-spacing-left-small:1.92%;\" data-scroll-devices=\"small-visibility,medium-visibility,large-visibility\"><div class=\"fusion-column-wrapper fusion-column-has-shadow fusion-flex-justify-content-center fusion-content-layout-column\"><div class=\"fusion-builder-row fusion-builder-row-inner fusion-row fusion-flex-align-items-flex-start fusion-flex-content-wrap\" style=\"--awb-flex-grow:0;--awb-flex-grow-medium:0;--awb-flex-grow-small:0;--awb-flex-shrink:0;--awb-flex-shrink-medium:0;--awb-flex-shrink-small:0;width:104% !important;max-width:104% !important;margin-left: calc(-4% \/ 2 );margin-right: calc(-4% \/ 2 );\"><div class=\"fusion-layout-column fusion_builder_column_inner fusion-builder-nested-column-0 fusion_builder_column_inner_1_1 1_1 fusion-flex-column\" style=\"--awb-bg-size:cover;--awb-width-large:100%;--awb-margin-top-large:0px;--awb-spacing-right-large:1.92%;--awb-margin-bottom-large:20px;--awb-spacing-left-large:1.92%;--awb-width-medium:100%;--awb-order-medium:0;--awb-spacing-right-medium:1.92%;--awb-spacing-left-medium:1.92%;--awb-width-small:100%;--awb-order-small:0;--awb-spacing-right-small:1.92%;--awb-spacing-left-small:1.92%;\"><div class=\"fusion-column-wrapper fusion-column-has-shadow fusion-flex-justify-content-flex-start fusion-content-layout-column\"><div class=\"fusion-image-element \" style=\"text-align:center;--awb-max-width:150px;--awb-caption-title-font-family:var(--h2_typography-font-family);--awb-caption-title-font-weight:var(--h2_typography-font-weight);--awb-caption-title-font-style:var(--h2_typography-font-style);--awb-caption-title-size:var(--h2_typography-font-size);--awb-caption-title-transform:var(--h2_typography-text-transform);--awb-caption-title-line-height:var(--h2_typography-line-height);--awb-caption-title-letter-spacing:var(--h2_typography-letter-spacing);\"><span class=\" fusion-imageframe imageframe-none imageframe-1 hover-type-none\"><img decoding=\"async\" width=\"212\" height=\"226\" alt=\"Logo de Picotti avec le texte \u00ab L\u2019Italie sur le pouce \u00bb en dessous, superpos\u00e9 sur la silhouette d\u2019un poulet vert fonc\u00e9.\" title=\"picotti\" src=\"https:\/\/picotti.ca\/wp-content\/uploads\/2025\/06\/picotti.svg\" class=\"img-responsive wp-image-1757\"\/><\/span><\/div><div class=\"fusion-title title fusion-title-1 fusion-sep-none fusion-title-center fusion-title-text fusion-title-size-one\" style=\"--awb-text-color:var(--awb-color3);--awb-margin-top-small:10px;--awb-margin-right-small:0px;--awb-margin-bottom-small:20px;--awb-margin-left-small:0px;--awb-font-size:var(--awb-custom_typography_3-font-size);\"><h1 class=\"fusion-title-heading title-heading-center fusion-responsive-typography-calculated\" style=\"font-family:var(--awb-custom_typography_3-font-family);font-weight:var(--awb-custom_typography_3-font-weight);font-style:var(--awb-custom_typography_3-font-style);margin:0;letter-spacing:var(--awb-custom_typography_3-letter-spacing);text-transform:var(--awb-custom_typography_3-text-transform);font-size:1em;--fontSize:58;line-height:var(--awb-custom_typography_3-line-height);\">Opening Soon<\/h1><\/div><div class=\"fusion-text fusion-text-1\" style=\"--awb-content-alignment:center;--awb-text-color:var(--awb-color3);\"><p>At Picotti, the excellence of every <b>pizza<\/b> and roast chicken stems from pairing quality local ingredients with world-class craftsmanship. By using a French Rotisol rotisserie and an Italian Mara Forni wood-fired oven, the eatery crafts authentic flavors that turn every meal into a celebration of community and taste.<\/p>\n<\/div><\/div><\/div><div class=\"fusion-layout-column fusion_builder_column_inner fusion-builder-nested-column-1 fusion_builder_column_inner_1_1 1_1 fusion-flex-column\" style=\"--awb-bg-size:cover;--awb-width-large:100%;--awb-margin-top-large:0px;--awb-spacing-right-large:1.92%;--awb-margin-bottom-large:20px;--awb-spacing-left-large:1.92%;--awb-width-medium:100%;--awb-order-medium:0;--awb-spacing-right-medium:1.92%;--awb-spacing-left-medium:1.92%;--awb-width-small:100%;--awb-order-small:0;--awb-spacing-right-small:1.92%;--awb-spacing-left-small:1.92%;\"><div class=\"fusion-column-wrapper fusion-column-has-shadow fusion-flex-justify-content-center fusion-content-layout-column\"><i class=\"fb-icon-element-1 fb-icon-element fontawesome-icon fa-map-marker-alt fas circle-no\" style=\"--awb-iconcolor:var(--awb-color4);--awb-iconcolor-hover:var(--awb-color4);--awb-font-size:20px;--awb-align-self:center;--awb-margin-top:0px;--awb-margin-right:0px;--awb-margin-bottom:10px;--awb-margin-left:0px;\"><\/i><div class=\"fusion-text fusion-text-2\" style=\"--awb-content-alignment:center;--awb-text-color:var(--awb-color3);\"><p>3413 Boul. le Carrefour, Laval, Quebec H7T 0M9<\/p>\n<\/div><i class=\"fb-icon-element-2 fb-icon-element fontawesome-icon fa-envelope far circle-no\" style=\"--awb-iconcolor:var(--awb-color4);--awb-iconcolor-hover:var(--awb-color4);--awb-font-size:20px;--awb-align-self:center;--awb-margin-top:0px;--awb-margin-right:0px;--awb-margin-bottom:10px;--awb-margin-left:0px;\"><\/i><div class=\"fusion-text fusion-text-3\" style=\"--awb-content-alignment:center;--awb-text-color:var(--awb-color3);\"><p><a class=\"cursor-pointer\" href=\"mailto:admin@picotti.wpenginepowered.com\">admin@picotti.wpenginepowered.com<\/a><\/p>\n<\/div><div class=\"fusion-social-links fusion-social-links-1\" style=\"--awb-margin-top:10px;--awb-margin-right:0px;--awb-margin-bottom:0px;--awb-margin-left:0px;--awb-alignment:center;--awb-box-border-top:0px;--awb-box-border-right:0px;--awb-box-border-bottom:0px;--awb-box-border-left:0px;--awb-icon-colors-hover:var(--awb-color1);--awb-box-colors-hover:var(--awb-color4);--awb-box-border-color:var(--awb-color3);--awb-box-border-color-hover:var(--awb-color4);\"><div class=\"fusion-social-networks boxed-icons color-type-custom\"><div class=\"fusion-social-networks-wrapper\"><a class=\"fusion-social-network-icon fusion-tooltip fusion-facebook awb-icon-facebook\" style=\"color:var(--awb-color4);font-size:16px;width:16px;background-color:var(--awb-custom_color_1);border-color:var(--awb-custom_color_1);border-radius:50%;\" data-placement=\"top\" data-title=\"Facebook\" data-toggle=\"tooltip\" title=\"Facebook\" aria-label=\"facebook\" target=\"_blank\" rel=\"noopener noreferrer\" href=\"https:\/\/www.facebook.com\/profile.php?id=61576451647342\"><\/a><a class=\"fusion-social-network-icon fusion-tooltip fusion-instagram awb-icon-instagram\" style=\"color:var(--awb-color4);font-size:16px;width:16px;background-color:var(--awb-custom_color_1);border-color:var(--awb-custom_color_1);border-radius:50%;\" data-placement=\"top\" data-title=\"Instagram\" data-toggle=\"tooltip\" title=\"Instagram\" aria-label=\"instagram\" target=\"_blank\" rel=\"noopener noreferrer\" href=\"https:\/\/www.instagram.com\/picotti.xpress\/\"><\/a><\/div><\/div><\/div><\/div><\/div><\/div><\/div><\/div><\/div><\/div>\n","protected":false},"excerpt":{"rendered":"","protected":false},"author":10,"featured_media":0,"parent":0,"menu_order":0,"comment_status":"closed","ping_status":"closed","template":"100-width.php","meta":{"footnotes":""},"class_list":["post-1943","page","type-page","status-publish","hentry"],"yoast_head":"<!-- This site is optimized with the Yoast SEO plugin v27.2 - https:\/\/yoast.com\/product\/yoast-seo-wordpress\/ -->\n<title>Picotti \u2013 Local Flavors, Pizza and Rotisserie<\/title>\n<meta name=\"description\" content=\"Order homemade dishes prepared with local ingredients: wood-fired pizzas, roasted chickens, sandwiches, bowls, and more.\" \/>\n<meta name=\"robots\" content=\"index, follow, max-snippet:-1, max-image-preview:large, max-video-preview:-1\" \/>\n<link rel=\"canonical\" href=\"https:\/\/picotti.ca\/en\/coming-soon\/\" \/>\n<meta property=\"og:locale\" content=\"en_US\" \/>\n<meta property=\"og:type\" content=\"article\" \/>\n<meta property=\"og:title\" content=\"Picotti \u2013 Local Flavors, Pizza and Rotisserie\" \/>\n<meta property=\"og:description\" content=\"Order homemade dishes prepared with local ingredients: wood-fired pizzas, roasted chickens, sandwiches, bowls, and more.\" \/>\n<meta property=\"og:url\" content=\"https:\/\/picotti.ca\/en\/coming-soon\/\" \/>\n<meta property=\"og:site_name\" content=\"Picotti\" \/>\n<meta property=\"article:modified_time\" content=\"2025-08-15T13:09:12+00:00\" \/>\n<meta property=\"og:image\" content=\"https:\/\/picotti.ca\/wp-content\/uploads\/2025\/06\/Picotti.webp\" \/>\n\t<meta property=\"og:image:width\" content=\"1200\" \/>\n\t<meta property=\"og:image:height\" content=\"675\" \/>\n\t<meta property=\"og:image:type\" content=\"image\/webp\" \/>\n<meta name=\"twitter:card\" content=\"summary_large_image\" \/>\n<meta name=\"twitter:label1\" content=\"Est. reading time\" \/>\n\t<meta name=\"twitter:data1\" content=\"2 minutes\" \/>\n<script type=\"application\/ld+json\" class=\"yoast-schema-graph\">{\"@context\":\"https:\/\/schema.org\",\"@graph\":[{\"@type\":\"WebPage\",\"@id\":\"https:\/\/picotti.ca\/en\/coming-soon\/\",\"url\":\"https:\/\/picotti.ca\/en\/coming-soon\/\",\"name\":\"Picotti \u2013 Local Flavors, Pizza and Rotisserie\",\"isPartOf\":{\"@id\":\"https:\/\/picotti.ca\/en\/#website\"},\"datePublished\":\"2025-07-23T18:55:24+00:00\",\"dateModified\":\"2025-08-15T13:09:12+00:00\",\"description\":\"Order homemade dishes prepared with local ingredients: wood-fired pizzas, roasted chickens, sandwiches, bowls, and more.\",\"breadcrumb\":{\"@id\":\"https:\/\/picotti.ca\/en\/coming-soon\/#breadcrumb\"},\"inLanguage\":\"en-US\",\"potentialAction\":[{\"@type\":\"ReadAction\",\"target\":[\"https:\/\/picotti.ca\/en\/coming-soon\/\"]}]},{\"@type\":\"BreadcrumbList\",\"@id\":\"https:\/\/picotti.ca\/en\/coming-soon\/#breadcrumb\",\"itemListElement\":[{\"@type\":\"ListItem\",\"position\":1,\"name\":\"Accueil\",\"item\":\"https:\/\/picotti.ca\/en\/\"},{\"@type\":\"ListItem\",\"position\":2,\"name\":\"Coming Soon\"}]},{\"@type\":\"WebSite\",\"@id\":\"https:\/\/picotti.ca\/en\/#website\",\"url\":\"https:\/\/picotti.ca\/en\/\",\"name\":\"Picotti\",\"description\":\"\",\"publisher\":{\"@id\":\"https:\/\/picotti.ca\/en\/#organization\"},\"potentialAction\":[{\"@type\":\"SearchAction\",\"target\":{\"@type\":\"EntryPoint\",\"urlTemplate\":\"https:\/\/picotti.ca\/en\/?s={search_term_string}\"},\"query-input\":{\"@type\":\"PropertyValueSpecification\",\"valueRequired\":true,\"valueName\":\"search_term_string\"}}],\"inLanguage\":\"en-US\"},{\"@type\":\"Organization\",\"@id\":\"https:\/\/picotti.ca\/en\/#organization\",\"name\":\"Picotti\",\"url\":\"https:\/\/picotti.ca\/en\/\",\"logo\":{\"@type\":\"ImageObject\",\"inLanguage\":\"en-US\",\"@id\":\"https:\/\/picotti.ca\/en\/#\/schema\/logo\/image\/\",\"url\":\"https:\/\/picotti.ca\/wp-content\/uploads\/2025\/06\/logo.webp\",\"contentUrl\":\"https:\/\/picotti.ca\/wp-content\/uploads\/2025\/06\/logo.webp\",\"width\":696,\"height\":696,\"caption\":\"Picotti\"},\"image\":{\"@id\":\"https:\/\/picotti.ca\/en\/#\/schema\/logo\/image\/\"}}]}<\/script>\n<!-- \/ Yoast SEO plugin. -->","yoast_head_json":{"title":"Picotti \u2013 Local Flavors, Pizza and Rotisserie","description":"Order homemade dishes prepared with local ingredients: wood-fired pizzas, roasted chickens, sandwiches, bowls, and more.","robots":{"index":"index","follow":"follow","max-snippet":"max-snippet:-1","max-image-preview":"max-image-preview:large","max-video-preview":"max-video-preview:-1"},"canonical":"https:\/\/picotti.ca\/en\/coming-soon\/","og_locale":"en_US","og_type":"article","og_title":"Picotti \u2013 Local Flavors, Pizza and Rotisserie","og_description":"Order homemade dishes prepared with local ingredients: wood-fired pizzas, roasted chickens, sandwiches, bowls, and more.","og_url":"https:\/\/picotti.ca\/en\/coming-soon\/","og_site_name":"Picotti","article_modified_time":"2025-08-15T13:09:12+00:00","og_image":[{"width":1200,"height":675,"url":"https:\/\/picotti.ca\/wp-content\/uploads\/2025\/06\/Picotti.webp","type":"image\/webp"}],"twitter_card":"summary_large_image","twitter_misc":{"Est. reading time":"2 minutes"},"schema":{"@context":"https:\/\/schema.org","@graph":[{"@type":"WebPage","@id":"https:\/\/picotti.ca\/en\/coming-soon\/","url":"https:\/\/picotti.ca\/en\/coming-soon\/","name":"Picotti \u2013 Local Flavors, Pizza and Rotisserie","isPartOf":{"@id":"https:\/\/picotti.ca\/en\/#website"},"datePublished":"2025-07-23T18:55:24+00:00","dateModified":"2025-08-15T13:09:12+00:00","description":"Order homemade dishes prepared with local ingredients: wood-fired pizzas, roasted chickens, sandwiches, bowls, and more.","breadcrumb":{"@id":"https:\/\/picotti.ca\/en\/coming-soon\/#breadcrumb"},"inLanguage":"en-US","potentialAction":[{"@type":"ReadAction","target":["https:\/\/picotti.ca\/en\/coming-soon\/"]}]},{"@type":"BreadcrumbList","@id":"https:\/\/picotti.ca\/en\/coming-soon\/#breadcrumb","itemListElement":[{"@type":"ListItem","position":1,"name":"Accueil","item":"https:\/\/picotti.ca\/en\/"},{"@type":"ListItem","position":2,"name":"Coming Soon"}]},{"@type":"WebSite","@id":"https:\/\/picotti.ca\/en\/#website","url":"https:\/\/picotti.ca\/en\/","name":"Picotti","description":"","publisher":{"@id":"https:\/\/picotti.ca\/en\/#organization"},"potentialAction":[{"@type":"SearchAction","target":{"@type":"EntryPoint","urlTemplate":"https:\/\/picotti.ca\/en\/?s={search_term_string}"},"query-input":{"@type":"PropertyValueSpecification","valueRequired":true,"valueName":"search_term_string"}}],"inLanguage":"en-US"},{"@type":"Organization","@id":"https:\/\/picotti.ca\/en\/#organization","name":"Picotti","url":"https:\/\/picotti.ca\/en\/","logo":{"@type":"ImageObject","inLanguage":"en-US","@id":"https:\/\/picotti.ca\/en\/#\/schema\/logo\/image\/","url":"https:\/\/picotti.ca\/wp-content\/uploads\/2025\/06\/logo.webp","contentUrl":"https:\/\/picotti.ca\/wp-content\/uploads\/2025\/06\/logo.webp","width":696,"height":696,"caption":"Picotti"},"image":{"@id":"https:\/\/picotti.ca\/en\/#\/schema\/logo\/image\/"}}]}},"_links":{"self":[{"href":"https:\/\/picotti.ca\/en\/wp-json\/wp\/v2\/pages\/1943","targetHints":{"allow":["GET"]}}],"collection":[{"href":"https:\/\/picotti.ca\/en\/wp-json\/wp\/v2\/pages"}],"about":[{"href":"https:\/\/picotti.ca\/en\/wp-json\/wp\/v2\/types\/page"}],"author":[{"embeddable":true,"href":"https:\/\/picotti.ca\/en\/wp-json\/wp\/v2\/users\/10"}],"replies":[{"embeddable":true,"href":"https:\/\/picotti.ca\/en\/wp-json\/wp\/v2\/comments?post=1943"}],"version-history":[{"count":0,"href":"https:\/\/picotti.ca\/en\/wp-json\/wp\/v2\/pages\/1943\/revisions"}],"wp:attachment":[{"href":"https:\/\/picotti.ca\/en\/wp-json\/wp\/v2\/media?parent=1943"}],"curies":[{"name":"wp","href":"https:\/\/api.w.org\/{rel}","templated":true}]}}